{"id":11728,"date":"2025-05-22T13:25:37","date_gmt":"2025-05-22T05:25:37","guid":{"rendered":"https:\/\/www.seeseeoptical.com\/product\/lente-polarizada\/"},"modified":"2025-11-19T17:49:38","modified_gmt":"2025-11-19T09:49:38","slug":"lente-polarizada","status":"publish","type":"product","link":"https:\/\/www.seeseeoptical.com\/es\/product\/lente-polarizada\/","title":{"rendered":"Lente polarizada"},"content":{"rendered":"\t\t<div data-elementor-type=\"product-post\" data-elementor-id=\"11728\" class=\"elementor elementor-11728 elementor-11242\" data-elementor-post-type=\"product\">\n\t\t\t\t<div class=\"elementor-element elementor-element-4b009d5 e-flex e-con-boxed wpr-particle-no wpr-jarallax-no wpr-parallax-no wpr-sticky-section-no e-con e-parent\" data-id=\"4b009d5\" data-element_type=\"container\" data-settings=\"{&quot;_ha_eqh_enable&quot;:false}\">\n\t\t\t\t\t<div class=\"e-con-inner\">\n\t\t<div class=\"elementor-element elementor-element-23b8b96 e-con-full e-flex wpr-particle-no wpr-jarallax-no wpr-parallax-no wpr-sticky-section-no e-con e-child\" data-id=\"23b8b96\" data-element_type=\"container\" data-settings=\"{&quot;_ha_eqh_enable&quot;:false}\">\n\t\t\t\t<div class=\"elementor-element elementor-element-0f03a44 elementor-widget elementor-widget-heading\" data-id=\"0f03a44\" data-element_type=\"widget\" data-widget_type=\"heading.default\">\n\t\t\t\t<div class=\"elementor-widget-container\">\n\t\t\t<h2 class=\"elementor-heading-title elementor-size-default\">Funci\u00f3n del producto<\/h2>\t\t<\/div>\n\t\t\t\t<\/div>\n\t\t\t\t<div class=\"elementor-element elementor-element-2a00b60 elementor-icon-list--layout-traditional elementor-list-item-link-full_width elementor-widget elementor-widget-icon-list\" data-id=\"2a00b60\" data-element_type=\"widget\" data-widget_type=\"icon-list.default\">\n\t\t\t\t<div class=\"elementor-widget-container\">\n\t\t\t\t\t<ul class=\"elementor-icon-list-items\">\n\t\t\t\t\t\t\t<li class=\"elementor-icon-list-item\">\n\t\t\t\t\t\t\t\t\t\t<span class=\"elementor-icon-list-text\">Las lentes polarizadas reducen los reflejos de superficies lisas y brillantes, o del pavimento mojado. Ya sea que practiques pesca, ciclismo o deportes acu\u00e1ticos, puedes reducir los efectos negativos de la luz intensa, las interferencias reflectantes o el parpadeo de la luz solar. <\/span>\n\t\t\t\t\t\t\t\t\t<\/li>\n\t\t\t\t\t\t<\/ul>\n\t\t\t\t<\/div>\n\t\t\t\t<\/div>\n\t\t\t\t<\/div>\n\t\t<div class=\"elementor-element elementor-element-5a06a82 e-con-full e-flex wpr-particle-no wpr-jarallax-no wpr-parallax-no wpr-sticky-section-no e-con e-child\" data-id=\"5a06a82\" data-element_type=\"container\" data-settings=\"{&quot;_ha_eqh_enable&quot;:false}\">\n\t\t\t\t<div class=\"elementor-element elementor-element-08c81c4 elementor-widget elementor-widget-heading\" data-id=\"08c81c4\" data-element_type=\"widget\" data-widget_type=\"heading.default\">\n\t\t\t\t<div class=\"elementor-widget-container\">\n\t\t\t<h2 class=\"elementor-heading-title elementor-size-default\">Detalles del producto<\/h2>\t\t<\/div>\n\t\t\t\t<\/div>\n\t\t<div class=\"elementor-element elementor-element-891c93b e-con-full e-flex wpr-particle-no wpr-jarallax-no wpr-parallax-no wpr-sticky-section-no e-con e-child\" data-id=\"891c93b\" data-element_type=\"container\" data-settings=\"{&quot;_ha_eqh_enable&quot;:false}\">\n\t\t\t\t<div class=\"elementor-element elementor-element-8b3b8c1 elementor-widget__width-inherit elementor-widget elementor-widget-html\" data-id=\"8b3b8c1\" data-element_type=\"widget\" data-widget_type=\"html.default\">\n\t\t\t\t<div class=\"elementor-widget-container\">\n\t\t\t<div class=\"table-box\">\r\n\r\n<table>\r\n<tbody>\r\n<tr style=\"background: #666666; color: #fff;\">\r\n<td>Tipo de lente<\/td>\r\n<td colspan=\"3\">Lente polarizada<\/td>\r\n<\/tr>\r\n<tr>\r\n<td>\u00cdndice<\/td>\r\n<td>1.499<\/td>\r\n<td>1.6<\/td>\r\n<td>1.67<\/td>\r\n<\/tr>\r\n<tr>\r\n<td>Material<\/td>\r\n<td>CR-39<\/td>\r\n<td>MR-8<\/td>\r\n<td>MR-7<\/td>\r\n<\/tr>\r\n<tr>\r\n<td>Abate<\/td>\r\n<td>58<\/td>\r\n<td>42<\/td>\r\n<td>32<\/td>\r\n<\/tr>\r\n<tr>\r\n<td>Protecci\u00f3n UV<\/td>\r\n<td>400<\/td>\r\n<td>400<\/td>\r\n<td>400<\/td>\r\n<\/tr>\r\n<tr>\r\n<td>Lente terminada<\/td>\r\n<td>Plano y prescripci\u00f3n<\/td>\r\n<td>-<\/td>\r\n<td>-<\/td>\r\n<\/tr>\r\n<tr>\r\n<td>Lente semiacabada<\/td>\r\n<td>S\u00ed<\/td>\r\n<td>S\u00ed<\/td>\r\n<td>S\u00ed<\/td>\r\n<\/tr>\r\n<tr>\r\n<td>Color<\/td>\r\n<td>Gris\/Marr\u00f3n\/Verde (S\u00f3lido y degradado)<\/td>\r\n<td>Gris\/Marr\u00f3n\/Verde (S\u00f3lido)<\/td>\r\n<td>Gris\/Marr\u00f3n\/Verde (S\u00f3lido)<\/td>\r\n<\/tr>\r\n<tr>\r\n<td>Revestimiento<\/td>\r\n<td>Recubrimiento UC\/HC\/HMC\/Espejo<\/td>\r\n<td>UC<\/td>\r\n<td>UC<\/td>\r\n<\/tr>\r\n<\/tbody>\r\n<\/table>\r\n\r\n<\/div>\r\n\r\n\r\n\r\n\r\n\t\t<\/div>\n\t\t\t\t<\/div>\n\t\t\t\t<\/div>\n\t\t\t\t<\/div>\n\t\t<div class=\"elementor-element elementor-element-e324aaa e-con-full e-flex wpr-particle-no wpr-jarallax-no wpr-parallax-no wpr-sticky-section-no e-con e-child\" data-id=\"e324aaa\" data-element_type=\"container\" data-settings=\"{&quot;_ha_eqh_enable&quot;:false}\">\n\t\t\t\t<div class=\"elementor-element elementor-element-3d4e7d0 elementor-widget elementor-widget-heading\" data-id=\"3d4e7d0\" data-element_type=\"widget\" data-widget_type=\"heading.default\">\n\t\t\t\t<div class=\"elementor-widget-container\">\n\t\t\t<h2 class=\"elementor-heading-title elementor-size-default\">Opciones de \u00edndice<\/h2>\t\t<\/div>\n\t\t\t\t<\/div>\n\t\t\t\t<div class=\"elementor-element elementor-element-5fabcab elementor-widget elementor-widget-image\" data-id=\"5fabcab\" data-element_type=\"widget\" data-widget_type=\"image.default\">\n\t\t\t\t<div class=\"elementor-widget-container\">\n\t\t\t\t\t\t\t\t\t\t\t\t\t<img fetchpriority=\"high\" decoding=\"async\" width=\"970\" height=\"184\" src=\"https:\/\/www.seeseeoptical.com\/wp-content\/uploads\/2025\/05\/Index-Choices.webp\" class=\"attachment-large size-large wp-image-11270\" alt=\"Index Choices\" srcset=\"https:\/\/www.seeseeoptical.com\/wp-content\/uploads\/2025\/05\/Index-Choices.webp 970w, https:\/\/www.seeseeoptical.com\/wp-content\/uploads\/2025\/05\/Index-Choices-300x57.webp 300w, https:\/\/www.seeseeoptical.com\/wp-content\/uploads\/2025\/05\/Index-Choices-768x146.webp 768w, https:\/\/www.seeseeoptical.com\/wp-content\/uploads\/2025\/05\/Index-Choices-600x114.webp 600w\" sizes=\"(max-width: 970px) 100vw, 970px\" \/>\t\t\t\t\t\t\t\t\t\t\t\t\t<\/div>\n\t\t\t\t<\/div>\n\t\t\t\t<\/div>\n\t\t<div class=\"elementor-element elementor-element-b964eaf e-con-full e-flex wpr-particle-no wpr-jarallax-no wpr-parallax-no wpr-sticky-section-no e-con e-child\" data-id=\"b964eaf\" data-element_type=\"container\" data-settings=\"{&quot;_ha_eqh_enable&quot;:false}\">\n\t\t\t\t<div class=\"elementor-element elementor-element-9bb5f18 elementor-widget elementor-widget-heading\" data-id=\"9bb5f18\" data-element_type=\"widget\" data-widget_type=\"heading.default\">\n\t\t\t\t<div class=\"elementor-widget-container\">\n\t\t\t<h2 class=\"elementor-heading-title elementor-size-default\">Opciones de color<\/h2>\t\t<\/div>\n\t\t\t\t<\/div>\n\t\t\t\t<div class=\"elementor-element elementor-element-c00845c elementor-widget elementor-widget-image\" data-id=\"c00845c\" data-element_type=\"widget\" data-widget_type=\"image.default\">\n\t\t\t\t<div class=\"elementor-widget-container\">\n\t\t\t\t\t\t\t\t\t\t\t\t\t<img decoding=\"async\" width=\"1000\" height=\"714\" src=\"https:\/\/www.seeseeoptical.com\/wp-content\/uploads\/2025\/05\/Color-Choices.webp\" class=\"attachment-large size-large wp-image-11275\" alt=\"Color Choices\" srcset=\"https:\/\/www.seeseeoptical.com\/wp-content\/uploads\/2025\/05\/Color-Choices.webp 1000w, https:\/\/www.seeseeoptical.com\/wp-content\/uploads\/2025\/05\/Color-Choices-300x214.webp 300w, https:\/\/www.seeseeoptical.com\/wp-content\/uploads\/2025\/05\/Color-Choices-768x548.webp 768w, https:\/\/www.seeseeoptical.com\/wp-content\/uploads\/2025\/05\/Color-Choices-600x428.webp 600w\" sizes=\"(max-width: 1000px) 100vw, 1000px\" \/>\t\t\t\t\t\t\t\t\t\t\t\t\t<\/div>\n\t\t\t\t<\/div>\n\t\t\t\t<\/div>\n\t\t<div class=\"elementor-element elementor-element-b44b494 e-con-full e-flex wpr-particle-no wpr-jarallax-no wpr-parallax-no wpr-sticky-section-no e-con e-child\" data-id=\"b44b494\" data-element_type=\"container\" data-settings=\"{&quot;_ha_eqh_enable&quot;:false}\">\n\t\t\t\t<div class=\"elementor-element elementor-element-21a4b9c elementor-widget elementor-widget-heading\" data-id=\"21a4b9c\" data-element_type=\"widget\" data-widget_type=\"heading.default\">\n\t\t\t\t<div class=\"elementor-widget-container\">\n\t\t\t<h2 class=\"elementor-heading-title elementor-size-default\">Ventajas de usar lentes de sol polarizadas<\/h2>\t\t<\/div>\n\t\t\t\t<\/div>\n\t\t\t\t<div class=\"elementor-element elementor-element-d16abe8 elementor-icon-list--layout-traditional elementor-list-item-link-full_width elementor-widget elementor-widget-icon-list\" data-id=\"d16abe8\" data-element_type=\"widget\" data-widget_type=\"icon-list.default\">\n\t\t\t\t<div class=\"elementor-widget-container\">\n\t\t\t\t\t<ul class=\"elementor-icon-list-items\">\n\t\t\t\t\t\t\t<li class=\"elementor-icon-list-item\">\n\t\t\t\t\t\t\t\t\t\t\t<span class=\"elementor-icon-list-icon\">\n\t\t\t\t\t\t\t<svg aria-hidden=\"true\" class=\"e-font-icon-svg e-fas-circle\" viewBox=\"0 0 512 512\" xmlns=\"http:\/\/www.w3.org\/2000\/svg\"><path d=\"M256 8C119 8 8 119 8 256s111 248 248 248 248-111 248-248S393 8 256 8z\"><\/path><\/svg>\t\t\t\t\t\t<\/span>\n\t\t\t\t\t\t\t\t\t\t<span class=\"elementor-icon-list-text\">Reduce el deslumbramiento para una mejor percepci\u00f3n del contraste y mantiene una visi\u00f3n clara y c\u00f3moda en todas las actividades al aire libre.<\/span>\n\t\t\t\t\t\t\t\t\t<\/li>\n\t\t\t\t\t\t\t\t<li class=\"elementor-icon-list-item\">\n\t\t\t\t\t\t\t\t\t\t\t<span class=\"elementor-icon-list-icon\">\n\t\t\t\t\t\t\t<svg aria-hidden=\"true\" class=\"e-font-icon-svg e-fas-circle\" viewBox=\"0 0 512 512\" xmlns=\"http:\/\/www.w3.org\/2000\/svg\"><path d=\"M256 8C119 8 8 119 8 256s111 248 248 248 248-111 248-248S393 8 256 8z\"><\/path><\/svg>\t\t\t\t\t\t<\/span>\n\t\t\t\t\t\t\t\t\t\t<span class=\"elementor-icon-list-text\">Mejora la sensibilidad al contraste, la definici\u00f3n del color y la claridad visual.<\/span>\n\t\t\t\t\t\t\t\t\t<\/li>\n\t\t\t\t\t\t\t\t<li class=\"elementor-icon-list-item\">\n\t\t\t\t\t\t\t\t\t\t\t<span class=\"elementor-icon-list-icon\">\n\t\t\t\t\t\t\t<svg aria-hidden=\"true\" class=\"e-font-icon-svg e-fas-circle\" viewBox=\"0 0 512 512\" xmlns=\"http:\/\/www.w3.org\/2000\/svg\"><path d=\"M256 8C119 8 8 119 8 256s111 248 248 248 248-111 248-248S393 8 256 8z\"><\/path><\/svg>\t\t\t\t\t\t<\/span>\n\t\t\t\t\t\t\t\t\t\t<span class=\"elementor-icon-list-text\">Reducci\u00f3n de la luz solar incidente.<\/span>\n\t\t\t\t\t\t\t\t\t<\/li>\n\t\t\t\t\t\t\t\t<li class=\"elementor-icon-list-item\">\n\t\t\t\t\t\t\t\t\t\t\t<span class=\"elementor-icon-list-icon\">\n\t\t\t\t\t\t\t<svg aria-hidden=\"true\" class=\"e-font-icon-svg e-fas-circle\" viewBox=\"0 0 512 512\" xmlns=\"http:\/\/www.w3.org\/2000\/svg\"><path d=\"M256 8C119 8 8 119 8 256s111 248 248 248 248-111 248-248S393 8 256 8z\"><\/path><\/svg>\t\t\t\t\t\t<\/span>\n\t\t\t\t\t\t\t\t\t\t<span class=\"elementor-icon-list-text\">Elimina los reflejos no deseados que crean condiciones deslumbrantes.<\/span>\n\t\t\t\t\t\t\t\t\t<\/li>\n\t\t\t\t\t\t\t\t<li class=\"elementor-icon-list-item\">\n\t\t\t\t\t\t\t\t\t\t\t<span class=\"elementor-icon-list-icon\">\n\t\t\t\t\t\t\t<svg aria-hidden=\"true\" class=\"e-font-icon-svg e-fas-circle\" viewBox=\"0 0 512 512\" xmlns=\"http:\/\/www.w3.org\/2000\/svg\"><path d=\"M256 8C119 8 8 119 8 256s111 248 248 248 248-111 248-248S393 8 256 8z\"><\/path><\/svg>\t\t\t\t\t\t<\/span>\n\t\t\t\t\t\t\t\t\t\t<span class=\"elementor-icon-list-text\">Visi\u00f3n saludable con protecci\u00f3n UV400.<\/span>\n\t\t\t\t\t\t\t\t\t<\/li>\n\t\t\t\t\t\t<\/ul>\n\t\t\t\t<\/div>\n\t\t\t\t<\/div>\n\t\t\t\t<\/div>\n\t\t\t\t\t<\/div>\n\t\t\t\t<\/div>\n\t\t\t\t<\/div>\n\t\t","protected":false},"excerpt":{"rendered":"<ul>\n<li><strong>\u00cdndice:<\/strong> Disponible en 1.499, 1.6 y 1.67 para diferentes preferencias de grosor y peso.<\/li>\n<li><strong>Material:<\/strong> Fabricado en CR-39, MR-8 o MR-7 para mayor durabilidad y rendimiento \u00f3ptico.<\/li>\n<li><strong>Disponibilidad de lentes:<\/strong> Disponible en tipos planos y con prescripci\u00f3n; lentes semiterminadas disponibles para personalizaci\u00f3n.<\/li>\n<li><strong>Opciones de color:<\/strong> Disponible en gris, marr\u00f3n y verde (s\u00f3lido o degradado seg\u00fan el \u00edndice).<\/li>\n<li><strong>Tipos de recubrimiento:<\/strong> Recubierto con UC, HC, HMC o revestimientos de espejo para resistencia a rayones y reflejos.<\/li>\n<\/ul>\n","protected":false},"featured_media":12103,"template":"","meta":{"site-sidebar-layout":"no-sidebar","site-content-layout":"","ast-site-content-layout":"full-width-container","site-content-style":"default","site-sidebar-style":"default","ast-global-header-display":"","ast-banner-title-visibility":"","ast-main-header-display":"","ast-hfb-above-header-display":"","ast-hfb-below-header-display":"","ast-hfb-mobile-header-display":"","site-post-title":"disabled","ast-breadcrumbs-content":"","ast-featured-img":"disabled","footer-sml-layout":"","theme-transparent-header-meta":"default","adv-header-id-meta":"","stick-header-meta":"","header-above-stick-meta":"","header-main-stick-meta":"","header-below-stick-meta":"","astra-migrate-meta-layouts":"set","ast-page-background-enabled":"default","ast-page-background-meta":{"desktop":{"background-color":"var(--ast-global-color-4)","background-image":"","background-repeat":"repeat","background-position":"center center","background-size":"auto","background-attachment":"scroll","background-type":"","background-media":"","overlay-type":"","overlay-color":"","overlay-opacity":"","overlay-gradient":""},"tablet":{"background-color":"","background-image":"","background-repeat":"repeat","background-position":"center center","background-size":"auto","background-attachment":"scroll","background-type":"","background-media":"","overlay-type":"","overlay-color":"","overlay-opacity":"","overlay-gradient":""},"mobile":{"background-color":"","background-image":"","background-repeat":"repeat","background-position":"center center","background-size":"auto","background-attachment":"scroll","background-type":"","background-media":"","overlay-type":"","overlay-color":"","overlay-opacity":"","overlay-gradient":""}},"ast-content-background-meta":{"desktop":{"background-color":"var(--ast-global-color-5)","background-image":"","background-repeat":"repeat","background-position":"center center","background-size":"auto","background-attachment":"scroll","background-type":"","background-media":"","overlay-type":"","overlay-color":"","overlay-opacity":"","overlay-gradient":""},"tablet":{"background-color":"var(--ast-global-color-5)","background-image":"","background-repeat":"repeat","background-position":"center center","background-size":"auto","background-attachment":"scroll","background-type":"","background-media":"","overlay-type":"","overlay-color":"","overlay-opacity":"","overlay-gradient":""},"mobile":{"background-color":"var(--ast-global-color-5)","background-image":"","background-repeat":"repeat","background-position":"center center","background-size":"auto","background-attachment":"scroll","background-type":"","background-media":"","overlay-type":"","overlay-color":"","overlay-opacity":"","overlay-gradient":""}}},"product_brand":[],"product_cat":[207],"product_tag":[],"class_list":{"0":"post-11728","1":"product","2":"type-product","3":"status-publish","4":"has-post-thumbnail","6":"product_cat-lentes-shun-polarizadas","7":"desktop-align-left","8":"tablet-align-left","9":"mobile-align-left","11":"first","12":"instock","13":"shipping-taxable","14":"product-type-simple"},"yoast_head":"<!-- This site is optimized with the Yoast SEO plugin v27.2 - https:\/\/yoast.com\/product\/yoast-seo-wordpress\/ -->\n<title>Lentes polarizadas, lentes polarizadas personalizadas - Seesee Optical<\/title>\n<meta name=\"description\" content=\"Las lentes polarizadas reducen el deslumbramiento, mejoran la claridad visual y ofrecen protecci\u00f3n UV. Disponibles en diversos \u00edndices, materiales, colores y revestimientos para una comodidad y un rendimiento \u00f3ptimos.\" \/>\n<meta name=\"robots\" content=\"index, follow, max-snippet:-1, max-image-preview:large, max-video-preview:-1\" \/>\n<link rel=\"canonical\" href=\"https:\/\/www.seeseeoptical.com\/es\/product\/lente-polarizada\/\" \/>\n<meta name=\"twitter:label1\" content=\"Tiempo de lectura\" \/>\n\t<meta name=\"twitter:data1\" content=\"1 minuto\" \/>\n<script type=\"application\/ld+json\" class=\"yoast-schema-graph\">{\"@context\":\"https:\/\/schema.org\",\"@graph\":[{\"@type\":\"WebPage\",\"@id\":\"https:\/\/www.seeseeoptical.com\/es\/product\/lente-polarizada\/\",\"url\":\"https:\/\/www.seeseeoptical.com\/es\/product\/lente-polarizada\/\",\"name\":\"Lentes polarizadas, lentes polarizadas personalizadas - Seesee Optical\",\"isPartOf\":{\"@id\":\"https:\/\/www.seeseeoptical.com\/es\/#website\"},\"primaryImageOfPage\":{\"@id\":\"https:\/\/www.seeseeoptical.com\/es\/product\/lente-polarizada\/#primaryimage\"},\"image\":{\"@id\":\"https:\/\/www.seeseeoptical.com\/es\/product\/lente-polarizada\/#primaryimage\"},\"thumbnailUrl\":\"https:\/\/www.seeseeoptical.com\/wp-content\/uploads\/2025\/05\/Polarized-Lens-1.webp\",\"datePublished\":\"2025-05-22T05:25:37+00:00\",\"dateModified\":\"2025-11-19T09:49:38+00:00\",\"description\":\"Las lentes polarizadas reducen el deslumbramiento, mejoran la claridad visual y ofrecen protecci\u00f3n UV. Disponibles en diversos \u00edndices, materiales, colores y revestimientos para una comodidad y un rendimiento \u00f3ptimos.\",\"breadcrumb\":{\"@id\":\"https:\/\/www.seeseeoptical.com\/es\/product\/lente-polarizada\/#breadcrumb\"},\"inLanguage\":\"es\",\"potentialAction\":[{\"@type\":\"ReadAction\",\"target\":[\"https:\/\/www.seeseeoptical.com\/es\/product\/lente-polarizada\/\"]}]},{\"@type\":\"ImageObject\",\"inLanguage\":\"es\",\"@id\":\"https:\/\/www.seeseeoptical.com\/es\/product\/lente-polarizada\/#primaryimage\",\"url\":\"https:\/\/www.seeseeoptical.com\/wp-content\/uploads\/2025\/05\/Polarized-Lens-1.webp\",\"contentUrl\":\"https:\/\/www.seeseeoptical.com\/wp-content\/uploads\/2025\/05\/Polarized-Lens-1.webp\",\"width\":600,\"height\":600,\"caption\":\"Polarized Lens\"},{\"@type\":\"BreadcrumbList\",\"@id\":\"https:\/\/www.seeseeoptical.com\/es\/product\/lente-polarizada\/#breadcrumb\",\"itemListElement\":[{\"@type\":\"ListItem\",\"position\":1,\"name\":\"Home\",\"item\":\"https:\/\/www.seeseeoptical.com\/es\/hogar\/\"},{\"@type\":\"ListItem\",\"position\":2,\"name\":\"Lentes \u00f3pticas\",\"item\":\"https:\/\/www.seeseeoptical.com\/es\/tienda\/\"},{\"@type\":\"ListItem\",\"position\":3,\"name\":\"Lente polarizada\"}]},{\"@type\":\"WebSite\",\"@id\":\"https:\/\/www.seeseeoptical.com\/es\/#website\",\"url\":\"https:\/\/www.seeseeoptical.com\/es\/\",\"name\":\"Seesee Optical\",\"description\":\"\",\"potentialAction\":[{\"@type\":\"SearchAction\",\"target\":{\"@type\":\"EntryPoint\",\"urlTemplate\":\"https:\/\/www.seeseeoptical.com\/es\/?s={search_term_string}\"},\"query-input\":{\"@type\":\"PropertyValueSpecification\",\"valueRequired\":true,\"valueName\":\"search_term_string\"}}],\"inLanguage\":\"es\"}]}<\/script>\n<!-- \/ Yoast SEO plugin. -->","yoast_head_json":{"title":"Lentes polarizadas, lentes polarizadas personalizadas - Seesee Optical","description":"Las lentes polarizadas reducen el deslumbramiento, mejoran la claridad visual y ofrecen protecci\u00f3n UV. Disponibles en diversos \u00edndices, materiales, colores y revestimientos para una comodidad y un rendimiento \u00f3ptimos.","robots":{"index":"index","follow":"follow","max-snippet":"max-snippet:-1","max-image-preview":"max-image-preview:large","max-video-preview":"max-video-preview:-1"},"canonical":"https:\/\/www.seeseeoptical.com\/es\/product\/lente-polarizada\/","twitter_misc":{"Tiempo de lectura":"1 minuto"},"schema":{"@context":"https:\/\/schema.org","@graph":[{"@type":"WebPage","@id":"https:\/\/www.seeseeoptical.com\/es\/product\/lente-polarizada\/","url":"https:\/\/www.seeseeoptical.com\/es\/product\/lente-polarizada\/","name":"Lentes polarizadas, lentes polarizadas personalizadas - Seesee Optical","isPartOf":{"@id":"https:\/\/www.seeseeoptical.com\/es\/#website"},"primaryImageOfPage":{"@id":"https:\/\/www.seeseeoptical.com\/es\/product\/lente-polarizada\/#primaryimage"},"image":{"@id":"https:\/\/www.seeseeoptical.com\/es\/product\/lente-polarizada\/#primaryimage"},"thumbnailUrl":"https:\/\/www.seeseeoptical.com\/wp-content\/uploads\/2025\/05\/Polarized-Lens-1.webp","datePublished":"2025-05-22T05:25:37+00:00","dateModified":"2025-11-19T09:49:38+00:00","description":"Las lentes polarizadas reducen el deslumbramiento, mejoran la claridad visual y ofrecen protecci\u00f3n UV. Disponibles en diversos \u00edndices, materiales, colores y revestimientos para una comodidad y un rendimiento \u00f3ptimos.","breadcrumb":{"@id":"https:\/\/www.seeseeoptical.com\/es\/product\/lente-polarizada\/#breadcrumb"},"inLanguage":"es","potentialAction":[{"@type":"ReadAction","target":["https:\/\/www.seeseeoptical.com\/es\/product\/lente-polarizada\/"]}]},{"@type":"ImageObject","inLanguage":"es","@id":"https:\/\/www.seeseeoptical.com\/es\/product\/lente-polarizada\/#primaryimage","url":"https:\/\/www.seeseeoptical.com\/wp-content\/uploads\/2025\/05\/Polarized-Lens-1.webp","contentUrl":"https:\/\/www.seeseeoptical.com\/wp-content\/uploads\/2025\/05\/Polarized-Lens-1.webp","width":600,"height":600,"caption":"Polarized Lens"},{"@type":"BreadcrumbList","@id":"https:\/\/www.seeseeoptical.com\/es\/product\/lente-polarizada\/#breadcrumb","itemListElement":[{"@type":"ListItem","position":1,"name":"Home","item":"https:\/\/www.seeseeoptical.com\/es\/hogar\/"},{"@type":"ListItem","position":2,"name":"Lentes \u00f3pticas","item":"https:\/\/www.seeseeoptical.com\/es\/tienda\/"},{"@type":"ListItem","position":3,"name":"Lente polarizada"}]},{"@type":"WebSite","@id":"https:\/\/www.seeseeoptical.com\/es\/#website","url":"https:\/\/www.seeseeoptical.com\/es\/","name":"Seesee Optical","description":"","potentialAction":[{"@type":"SearchAction","target":{"@type":"EntryPoint","urlTemplate":"https:\/\/www.seeseeoptical.com\/es\/?s={search_term_string}"},"query-input":{"@type":"PropertyValueSpecification","valueRequired":true,"valueName":"search_term_string"}}],"inLanguage":"es"}]}},"_links":{"self":[{"href":"https:\/\/www.seeseeoptical.com\/es\/wp-json\/wp\/v2\/product\/11728","targetHints":{"allow":["GET"]}}],"collection":[{"href":"https:\/\/www.seeseeoptical.com\/es\/wp-json\/wp\/v2\/product"}],"about":[{"href":"https:\/\/www.seeseeoptical.com\/es\/wp-json\/wp\/v2\/types\/product"}],"version-history":[{"count":2,"href":"https:\/\/www.seeseeoptical.com\/es\/wp-json\/wp\/v2\/product\/11728\/revisions"}],"predecessor-version":[{"id":12108,"href":"https:\/\/www.seeseeoptical.com\/es\/wp-json\/wp\/v2\/product\/11728\/revisions\/12108"}],"wp:featuredmedia":[{"embeddable":true,"href":"https:\/\/www.seeseeoptical.com\/es\/wp-json\/wp\/v2\/media\/12103"}],"wp:attachment":[{"href":"https:\/\/www.seeseeoptical.com\/es\/wp-json\/wp\/v2\/media?parent=11728"}],"wp:term":[{"taxonomy":"product_brand","embeddable":true,"href":"https:\/\/www.seeseeoptical.com\/es\/wp-json\/wp\/v2\/product_brand?post=11728"},{"taxonomy":"product_cat","embeddable":true,"href":"https:\/\/www.seeseeoptical.com\/es\/wp-json\/wp\/v2\/product_cat?post=11728"},{"taxonomy":"product_tag","embeddable":true,"href":"https:\/\/www.seeseeoptical.com\/es\/wp-json\/wp\/v2\/product_tag?post=11728"}],"curies":[{"name":"wp","href":"https:\/\/api.w.org\/{rel}","templated":true}]}}