{"id":10166,"date":"2024-09-06T08:45:12","date_gmt":"2024-09-06T00:45:12","guid":{"rendered":"https:\/\/www.seeseeoptical.com\/product\/lentes-bifocales\/"},"modified":"2025-07-16T17:51:23","modified_gmt":"2025-07-16T09:51:23","slug":"lentes-bifocales","status":"publish","type":"product","link":"https:\/\/www.seeseeoptical.com\/es\/product\/lentes-bifocales\/","title":{"rendered":"Lentes bifocales"},"content":{"rendered":"\t\t<div data-elementor-type=\"product-post\" data-elementor-id=\"10166\" class=\"elementor elementor-10166 elementor-7365\" data-elementor-post-type=\"product\">\n\t\t\t\t<div class=\"elementor-element elementor-element-a32dadc e-con-full e-flex wpr-particle-no wpr-jarallax-no wpr-parallax-no wpr-sticky-section-no e-con e-parent\" data-id=\"a32dadc\" data-element_type=\"container\" data-settings=\"{&quot;_ha_eqh_enable&quot;:false}\">\n\t\t<div class=\"elementor-element elementor-element-f82953e e-con-full e-flex wpr-particle-no wpr-jarallax-no wpr-parallax-no wpr-sticky-section-no e-con e-child\" data-id=\"f82953e\" data-element_type=\"container\" data-settings=\"{&quot;_ha_eqh_enable&quot;:false}\">\n\t\t<div class=\"elementor-element elementor-element-5b6b8a3 e-con-full e-flex wpr-particle-no wpr-jarallax-no wpr-parallax-no wpr-sticky-section-no e-con e-child\" data-id=\"5b6b8a3\" data-element_type=\"container\" data-settings=\"{&quot;_ha_eqh_enable&quot;:false}\">\n\t\t\t\t<div class=\"elementor-element elementor-element-0b96041 elementor-widget elementor-widget-heading\" data-id=\"0b96041\" data-element_type=\"widget\" data-widget_type=\"heading.default\">\n\t\t\t\t<div class=\"elementor-widget-container\">\n\t\t\t<h2 class=\"elementor-heading-title elementor-size-default\">\u00bfQu\u00e9 puedes elegir en lentes bifocales?<\/h2>\t\t<\/div>\n\t\t\t\t<\/div>\n\t\t\t\t<div class=\"elementor-element elementor-element-e2014c4 elementor-icon-list--layout-traditional elementor-list-item-link-full_width elementor-widget elementor-widget-icon-list\" data-id=\"e2014c4\" data-element_type=\"widget\" data-widget_type=\"icon-list.default\">\n\t\t\t\t<div class=\"elementor-widget-container\">\n\t\t\t\t\t<ul class=\"elementor-icon-list-items\">\n\t\t\t\t\t\t\t<li class=\"elementor-icon-list-item\">\n\t\t\t\t\t\t\t\t\t\t\t<span class=\"elementor-icon-list-icon\">\n\t\t\t\t\t\t\t<svg aria-hidden=\"true\" class=\"e-font-icon-svg e-fas-circle\" viewBox=\"0 0 512 512\" xmlns=\"http:\/\/www.w3.org\/2000\/svg\"><path d=\"M256 8C119 8 8 119 8 256s111 248 248 248 248-111 248-248S393 8 256 8z\"><\/path><\/svg>\t\t\t\t\t\t<\/span>\n\t\t\t\t\t\t\t\t\t\t<span class=\"elementor-icon-list-text\"><b>\u00cdndice:<\/b> CR39, 1,56.<\/span>\n\t\t\t\t\t\t\t\t\t<\/li>\n\t\t\t\t\t\t\t\t<li class=\"elementor-icon-list-item\">\n\t\t\t\t\t\t\t\t\t\t\t<span class=\"elementor-icon-list-icon\">\n\t\t\t\t\t\t\t<svg aria-hidden=\"true\" class=\"e-font-icon-svg e-fas-circle\" viewBox=\"0 0 512 512\" xmlns=\"http:\/\/www.w3.org\/2000\/svg\"><path d=\"M256 8C119 8 8 119 8 256s111 248 248 248 248-111 248-248S393 8 256 8z\"><\/path><\/svg>\t\t\t\t\t\t<\/span>\n\t\t\t\t\t\t\t\t\t\t<span class=\"elementor-icon-list-text\"><b>Tipos:<\/b> Parte superior redonda, parte superior plana, combinada\/invisible.<\/span>\n\t\t\t\t\t\t\t\t\t<\/li>\n\t\t\t\t\t\t\t\t<li class=\"elementor-icon-list-item\">\n\t\t\t\t\t\t\t\t\t\t\t<span class=\"elementor-icon-list-icon\">\n\t\t\t\t\t\t\t<svg aria-hidden=\"true\" class=\"e-font-icon-svg e-fas-circle\" viewBox=\"0 0 512 512\" xmlns=\"http:\/\/www.w3.org\/2000\/svg\"><path d=\"M256 8C119 8 8 119 8 256s111 248 248 248 248-111 248-248S393 8 256 8z\"><\/path><\/svg>\t\t\t\t\t\t<\/span>\n\t\t\t\t\t\t\t\t\t\t<span class=\"elementor-icon-list-text\"><b>Funci\u00f3n:<\/b> Transparente, Corte azul, Fotocrom\u00e1tico.<\/span>\n\t\t\t\t\t\t\t\t\t<\/li>\n\t\t\t\t\t\t\t\t<li class=\"elementor-icon-list-item\">\n\t\t\t\t\t\t\t\t\t\t\t<span class=\"elementor-icon-list-icon\">\n\t\t\t\t\t\t\t<svg aria-hidden=\"true\" class=\"e-font-icon-svg e-fas-circle\" viewBox=\"0 0 512 512\" xmlns=\"http:\/\/www.w3.org\/2000\/svg\"><path d=\"M256 8C119 8 8 119 8 256s111 248 248 248 248-111 248-248S393 8 256 8z\"><\/path><\/svg>\t\t\t\t\t\t<\/span>\n\t\t\t\t\t\t\t\t\t\t<span class=\"elementor-icon-list-text\"><b>Rango de potencia: <\/b> SPH-2.00~+3.00 ADD +1.00~+3.00.<\/span>\n\t\t\t\t\t\t\t\t\t<\/li>\n\t\t\t\t\t\t\t\t<li class=\"elementor-icon-list-item\">\n\t\t\t\t\t\t\t\t\t\t\t<span class=\"elementor-icon-list-icon\">\n\t\t\t\t\t\t\t<svg aria-hidden=\"true\" class=\"e-font-icon-svg e-fas-circle\" viewBox=\"0 0 512 512\" xmlns=\"http:\/\/www.w3.org\/2000\/svg\"><path d=\"M256 8C119 8 8 119 8 256s111 248 248 248 248-111 248-248S393 8 256 8z\"><\/path><\/svg>\t\t\t\t\t\t<\/span>\n\t\t\t\t\t\t\t\t\t\t<span class=\"elementor-icon-list-text\"><b>Recubrimiento:<\/b> UC\/HC\/HMC\/SHMC.<\/span>\n\t\t\t\t\t\t\t\t\t<\/li>\n\t\t\t\t\t\t<\/ul>\n\t\t\t\t<\/div>\n\t\t\t\t<\/div>\n\t\t\t\t<\/div>\n\t\t<div class=\"elementor-element elementor-element-1f38bb3 e-con-full e-flex wpr-particle-no wpr-jarallax-no wpr-parallax-no wpr-sticky-section-no e-con e-child\" data-id=\"1f38bb3\" data-element_type=\"container\" data-settings=\"{&quot;_ha_eqh_enable&quot;:false}\">\n\t\t\t\t<div class=\"elementor-element elementor-element-606c5a4 elementor-widget__width-initial elementor-widget elementor-widget-image\" data-id=\"606c5a4\" data-element_type=\"widget\" data-widget_type=\"image.default\">\n\t\t\t\t<div class=\"elementor-widget-container\">\n\t\t\t\t\t\t\t\t\t\t\t\t\t<img fetchpriority=\"high\" decoding=\"async\" width=\"800\" height=\"538\" src=\"https:\/\/www.seeseeoptical.com\/wp-content\/uploads\/2024\/09\/What-can-you-choose-in-Bifocal-lens.jpg\" class=\"attachment-large size-large wp-image-9454\" alt=\"What can you choose in Bifocal lens\" srcset=\"https:\/\/www.seeseeoptical.com\/wp-content\/uploads\/2024\/09\/What-can-you-choose-in-Bifocal-lens.jpg 800w, https:\/\/www.seeseeoptical.com\/wp-content\/uploads\/2024\/09\/What-can-you-choose-in-Bifocal-lens-300x202.jpg 300w, https:\/\/www.seeseeoptical.com\/wp-content\/uploads\/2024\/09\/What-can-you-choose-in-Bifocal-lens-768x516.jpg 768w, https:\/\/www.seeseeoptical.com\/wp-content\/uploads\/2024\/09\/What-can-you-choose-in-Bifocal-lens-600x404.jpg 600w\" sizes=\"(max-width: 800px) 100vw, 800px\" \/>\t\t\t\t\t\t\t\t\t\t\t\t\t<\/div>\n\t\t\t\t<\/div>\n\t\t\t\t<\/div>\n\t\t\t\t<\/div>\n\t\t<div class=\"elementor-element elementor-element-a5dd412 e-con-full e-flex wpr-particle-no wpr-jarallax-no wpr-parallax-no wpr-sticky-section-no e-con e-child\" data-id=\"a5dd412\" data-element_type=\"container\" data-settings=\"{&quot;_ha_eqh_enable&quot;:false}\">\n\t\t<div class=\"elementor-element elementor-element-1c02027 e-con-full e-flex wpr-particle-no wpr-jarallax-no wpr-parallax-no wpr-sticky-section-no e-con e-child\" data-id=\"1c02027\" data-element_type=\"container\" data-settings=\"{&quot;_ha_eqh_enable&quot;:false}\">\n\t\t<div class=\"elementor-element elementor-element-4b194dd e-con-full e-flex wpr-particle-no wpr-jarallax-no wpr-parallax-no wpr-sticky-section-no e-con e-child\" data-id=\"4b194dd\" data-element_type=\"container\" data-settings=\"{&quot;background_background&quot;:&quot;classic&quot;,&quot;_ha_eqh_enable&quot;:false}\">\n\t\t\t\t<div class=\"elementor-element elementor-element-3497b91 elementor-widget elementor-widget-heading\" data-id=\"3497b91\" data-element_type=\"widget\" data-widget_type=\"heading.default\">\n\t\t\t\t<div class=\"elementor-widget-container\">\n\t\t\t<h2 class=\"elementor-heading-title elementor-size-default\">\u00bfC\u00f3mo pueden funcionar las lentes bifocales?<\/h2>\t\t<\/div>\n\t\t\t\t<\/div>\n\t\t\t\t<div class=\"elementor-element elementor-element-5fd381d elementor-icon-list--layout-traditional elementor-list-item-link-full_width elementor-widget elementor-widget-icon-list\" data-id=\"5fd381d\" data-element_type=\"widget\" data-widget_type=\"icon-list.default\">\n\t\t\t\t<div class=\"elementor-widget-container\">\n\t\t\t\t\t<ul class=\"elementor-icon-list-items\">\n\t\t\t\t\t\t\t<li class=\"elementor-icon-list-item\">\n\t\t\t\t\t\t\t\t\t\t<span class=\"elementor-icon-list-text\">Los bifocales son un tipo de anteojos que cuentan con dos poderes \u00f3pticos diferentes en una sola lente. La parte superior de una lente bifocal corrige la visi\u00f3n de lejos, mientras que una porci\u00f3n m\u00e1s peque\u00f1a en la parte inferior de la lente corrige la visi\u00f3n de cerca. La potencia de los lentes bifocales oscilar\u00e1 entre +1,00 y +3,00 dioptr\u00edas. Los lentes bifocales funcionan de la misma manera que otros lentes con prescripci\u00f3n m\u00e9dica. Las lentes graduadas utilizan la cantidad adecuada de curvatura para enfocar los rayos de luz en la retina. La curvatura de una lente graduada se crea para contrarrestar problemas con la forma o curvatura de su c\u00f3rnea que distorsionan su visi\u00f3n en primer lugar.<\/span>\n\t\t\t\t\t\t\t\t\t<\/li>\n\t\t\t\t\t\t<\/ul>\n\t\t\t\t<\/div>\n\t\t\t\t<\/div>\n\t\t\t\t<\/div>\n\t\t<div class=\"elementor-element elementor-element-3ef2c0c e-con-full e-flex wpr-particle-no wpr-jarallax-no wpr-parallax-no wpr-sticky-section-no e-con e-child\" data-id=\"3ef2c0c\" data-element_type=\"container\" data-settings=\"{&quot;_ha_eqh_enable&quot;:false}\">\n\t\t\t\t<div class=\"elementor-element elementor-element-f827f83 elementor-widget elementor-widget-image\" data-id=\"f827f83\" data-element_type=\"widget\" data-widget_type=\"image.default\">\n\t\t\t\t<div class=\"elementor-widget-container\">\n\t\t\t\t\t\t\t\t\t\t\t\t\t<img decoding=\"async\" width=\"520\" height=\"520\" src=\"https:\/\/www.seeseeoptical.com\/wp-content\/uploads\/2024\/09\/How-can-Bifocal-lens-work.jpg\" class=\"attachment-large size-large wp-image-8222\" alt=\"\u00bfC\u00f3mo pueden funcionar las lentes bifocales?\" srcset=\"https:\/\/www.seeseeoptical.com\/wp-content\/uploads\/2024\/09\/How-can-Bifocal-lens-work.jpg 520w, https:\/\/www.seeseeoptical.com\/wp-content\/uploads\/2024\/09\/How-can-Bifocal-lens-work-300x300.jpg 300w, https:\/\/www.seeseeoptical.com\/wp-content\/uploads\/2024\/09\/How-can-Bifocal-lens-work-150x150.jpg 150w, https:\/\/www.seeseeoptical.com\/wp-content\/uploads\/2024\/09\/How-can-Bifocal-lens-work-100x100.jpg 100w\" sizes=\"(max-width: 520px) 100vw, 520px\" \/>\t\t\t\t\t\t\t\t\t\t\t\t\t<\/div>\n\t\t\t\t<\/div>\n\t\t\t\t<\/div>\n\t\t\t\t<\/div>\n\t\t\t\t<\/div>\n\t\t<div class=\"elementor-element elementor-element-aa58e06 e-con-full e-flex wpr-particle-no wpr-jarallax-no wpr-parallax-no wpr-sticky-section-no e-con e-child\" data-id=\"aa58e06\" data-element_type=\"container\" data-settings=\"{&quot;_ha_eqh_enable&quot;:false}\">\n\t\t\t\t<div class=\"elementor-element elementor-element-53cfa96 elementor-widget elementor-widget-heading\" data-id=\"53cfa96\" data-element_type=\"widget\" data-widget_type=\"heading.default\">\n\t\t\t\t<div class=\"elementor-widget-container\">\n\t\t\t<h2 class=\"elementor-heading-title elementor-size-default\">\u00bfLos bifocales son adecuados para m\u00ed?<\/h2>\t\t<\/div>\n\t\t\t\t<\/div>\n\t\t\t\t<div class=\"elementor-element elementor-element-b58cb7e elementor-icon-list--layout-traditional elementor-list-item-link-full_width elementor-widget elementor-widget-icon-list\" data-id=\"b58cb7e\" data-element_type=\"widget\" data-widget_type=\"icon-list.default\">\n\t\t\t\t<div class=\"elementor-widget-container\">\n\t\t\t\t\t<ul class=\"elementor-icon-list-items\">\n\t\t\t\t\t\t\t<li class=\"elementor-icon-list-item\">\n\t\t\t\t\t\t\t\t\t\t<span class=\"elementor-icon-list-text\">Por lo general, las personas que han necesitado recientemente una correcci\u00f3n de la visi\u00f3n tienden a tener varios pares de anteojos. Un par para actividades cercanas, como leer, y otro par para visi\u00f3n a distancia, para ayudar a reducir la visi\u00f3n borrosa al conducir o mirar un partido.<\/span>\n\t\t\t\t\t\t\t\t\t<\/li>\n\t\t\t\t\t\t\t\t<li class=\"elementor-icon-list-item\">\n\t\t\t\t\t\t\t\t\t\t<span class=\"elementor-icon-list-text\">Sin embargo, los lentes bifocales pueden solucionar ambos problemas, especialmente si est\u00e1s acostumbrado a usarlos durante todo el d\u00eda. Muchas personas usan la mitad superior la mayor parte del tiempo, pero pueden cambiar f\u00e1cilmente a la mitad inferior cuando leen en su tel\u00e9fono o leen un libro.<\/span>\n\t\t\t\t\t\t\t\t\t<\/li>\n\t\t\t\t\t\t<\/ul>\n\t\t\t\t<\/div>\n\t\t\t\t<\/div>\n\t\t\t\t<\/div>\n\t\t<div class=\"elementor-element elementor-element-e79458d e-con-full e-flex wpr-particle-no wpr-jarallax-no wpr-parallax-no wpr-sticky-section-no e-con e-child\" data-id=\"e79458d\" data-element_type=\"container\" data-settings=\"{&quot;_ha_eqh_enable&quot;:false}\">\n\t\t\t\t<div class=\"elementor-element elementor-element-7f3ffad elementor-widget elementor-widget-heading\" data-id=\"7f3ffad\" data-element_type=\"widget\" data-widget_type=\"heading.default\">\n\t\t\t\t<div class=\"elementor-widget-container\">\n\t\t\t<h2 class=\"elementor-heading-title elementor-size-default\">\u00a1Vamos a explorar las lentes bifocales \u00f3pticas SEESEE!<\/h2>\t\t<\/div>\n\t\t\t\t<\/div>\n\t\t\t\t<div class=\"elementor-element elementor-element-99bad00 elementor-icon-list--layout-traditional elementor-list-item-link-full_width elementor-widget elementor-widget-icon-list\" data-id=\"99bad00\" data-element_type=\"widget\" data-widget_type=\"icon-list.default\">\n\t\t\t\t<div class=\"elementor-widget-container\">\n\t\t\t\t\t<ul class=\"elementor-icon-list-items\">\n\t\t\t\t\t\t\t<li class=\"elementor-icon-list-item\">\n\t\t\t\t\t\t\t\t\t\t\t<span class=\"elementor-icon-list-icon\">\n\t\t\t\t\t\t\t<svg aria-hidden=\"true\" class=\"e-font-icon-svg e-fas-circle\" viewBox=\"0 0 512 512\" xmlns=\"http:\/\/www.w3.org\/2000\/svg\"><path d=\"M256 8C119 8 8 119 8 256s111 248 248 248 248-111 248-248S393 8 256 8z\"><\/path><\/svg>\t\t\t\t\t\t<\/span>\n\t\t\t\t\t\t\t\t\t\t<span class=\"elementor-icon-list-text\">1,56 Parte superior redonda<\/span>\n\t\t\t\t\t\t\t\t\t<\/li>\n\t\t\t\t\t\t\t\t<li class=\"elementor-icon-list-item\">\n\t\t\t\t\t\t\t\t\t\t\t<span class=\"elementor-icon-list-icon\">\n\t\t\t\t\t\t\t<svg aria-hidden=\"true\" class=\"e-font-icon-svg e-fas-circle\" viewBox=\"0 0 512 512\" xmlns=\"http:\/\/www.w3.org\/2000\/svg\"><path d=\"M256 8C119 8 8 119 8 256s111 248 248 248 248-111 248-248S393 8 256 8z\"><\/path><\/svg>\t\t\t\t\t\t<\/span>\n\t\t\t\t\t\t\t\t\t\t<span class=\"elementor-icon-list-text\">1,56 Parte superior plana<\/span>\n\t\t\t\t\t\t\t\t\t<\/li>\n\t\t\t\t\t\t\t\t<li class=\"elementor-icon-list-item\">\n\t\t\t\t\t\t\t\t\t\t\t<span class=\"elementor-icon-list-icon\">\n\t\t\t\t\t\t\t<svg aria-hidden=\"true\" class=\"e-font-icon-svg e-fas-circle\" viewBox=\"0 0 512 512\" xmlns=\"http:\/\/www.w3.org\/2000\/svg\"><path d=\"M256 8C119 8 8 119 8 256s111 248 248 248 248-111 248-248S393 8 256 8z\"><\/path><\/svg>\t\t\t\t\t\t<\/span>\n\t\t\t\t\t\t\t\t\t\t<span class=\"elementor-icon-list-text\">1,56 Mezclado\/Invisible<\/span>\n\t\t\t\t\t\t\t\t\t<\/li>\n\t\t\t\t\t\t<\/ul>\n\t\t\t\t<\/div>\n\t\t\t\t<\/div>\n\t\t\t\t<\/div>\n\t\t\t\t<\/div>\n\t\t\t\t<\/div>\n\t\t","protected":false},"excerpt":{"rendered":"<ul>\n<li><strong>\u00cdndice: <\/strong> CR39 y 1,56 para espesor est\u00e1ndar y resistencia mejorada.<\/li>\n<li><strong>Tipos: <\/strong> Parte superior redonda, parte superior plana y combinada\/invisible para dise\u00f1os vers\u00e1tiles.<\/li>\n<li><strong>Funci\u00f3n: <\/strong> Transparente, de corte azul y fotocrom\u00e1tico para diferentes condiciones de iluminaci\u00f3n.<\/li>\n<li><strong>Rango de potencia:<\/strong> SPH -2,00 a +3,00, ADD +1,00 a +3,00 para correcci\u00f3n.<\/li>\n<li><strong>Recubrimiento: <\/strong> Recubrimientos UC, HC, HMC y SHMC para protecci\u00f3n y durabilidad.<\/li>\n<\/ul>\n","protected":false},"featured_media":11555,"template":"","meta":{"site-sidebar-layout":"no-sidebar","site-content-layout":"","ast-site-content-layout":"full-width-container","site-content-style":"default","site-sidebar-style":"default","ast-global-header-display":"","ast-banner-title-visibility":"","ast-main-header-display":"","ast-hfb-above-header-display":"","ast-hfb-below-header-display":"","ast-hfb-mobile-header-display":"","site-post-title":"disabled","ast-breadcrumbs-content":"","ast-featured-img":"disabled","footer-sml-layout":"","theme-transparent-header-meta":"default","adv-header-id-meta":"","stick-header-meta":"","header-above-stick-meta":"","header-main-stick-meta":"","header-below-stick-meta":"","astra-migrate-meta-layouts":"set","ast-page-background-enabled":"default","ast-page-background-meta":{"desktop":{"background-color":"var(--ast-global-color-4)","background-image":"","background-repeat":"repeat","background-position":"center center","background-size":"auto","background-attachment":"scroll","background-type":"","background-media":"","overlay-type":"","overlay-color":"","overlay-opacity":"","overlay-gradient":""},"tablet":{"background-color":"","background-image":"","background-repeat":"repeat","background-position":"center center","background-size":"auto","background-attachment":"scroll","background-type":"","background-media":"","overlay-type":"","overlay-color":"","overlay-opacity":"","overlay-gradient":""},"mobile":{"background-color":"","background-image":"","background-repeat":"repeat","background-position":"center center","background-size":"auto","background-attachment":"scroll","background-type":"","background-media":"","overlay-type":"","overlay-color":"","overlay-opacity":"","overlay-gradient":""}},"ast-content-background-meta":{"desktop":{"background-color":"var(--ast-global-color-5)","background-image":"","background-repeat":"repeat","background-position":"center center","background-size":"auto","background-attachment":"scroll","background-type":"","background-media":"","overlay-type":"","overlay-color":"","overlay-opacity":"","overlay-gradient":""},"tablet":{"background-color":"var(--ast-global-color-5)","background-image":"","background-repeat":"repeat","background-position":"center center","background-size":"auto","background-attachment":"scroll","background-type":"","background-media":"","overlay-type":"","overlay-color":"","overlay-opacity":"","overlay-gradient":""},"mobile":{"background-color":"var(--ast-global-color-5)","background-image":"","background-repeat":"repeat","background-position":"center center","background-size":"auto","background-attachment":"scroll","background-type":"","background-media":"","overlay-type":"","overlay-color":"","overlay-opacity":"","overlay-gradient":""}}},"product_brand":[],"product_cat":[181],"product_tag":[],"class_list":{"0":"post-10166","1":"product","2":"type-product","3":"status-publish","4":"has-post-thumbnail","6":"product_cat-lentes-multifocales","7":"desktop-align-left","8":"tablet-align-left","9":"mobile-align-left","11":"first","12":"instock","13":"shipping-taxable","14":"product-type-simple"},"yoast_head":"<!-- This site is optimized with the Yoast SEO plugin v27.2 - https:\/\/yoast.com\/product\/yoast-seo-wordpress\/ -->\n<title>Precio De Lentes Bifocales, Lentes Bifocales Precio - Seesee Optical<\/title>\n<meta name=\"description\" content=\"Nuestras lentes bifocales en material CR39 e \u00edndice 1.56 cuentan con dise\u00f1os de parte superior redonda, parte superior plana e invisibles con opciones transparentes, de corte azul o fotocrom\u00e1ticas para una correcci\u00f3n vers\u00e1til.\" \/>\n<meta name=\"robots\" content=\"index, follow, max-snippet:-1, max-image-preview:large, max-video-preview:-1\" \/>\n<link rel=\"canonical\" href=\"https:\/\/www.seeseeoptical.com\/es\/product\/lentes-bifocales\/\" \/>\n<meta name=\"twitter:label1\" content=\"Tiempo de lectura\" \/>\n\t<meta name=\"twitter:data1\" content=\"1 minuto\" \/>\n<script type=\"application\/ld+json\" class=\"yoast-schema-graph\">{\"@context\":\"https:\/\/schema.org\",\"@graph\":[{\"@type\":\"WebPage\",\"@id\":\"https:\/\/www.seeseeoptical.com\/es\/product\/lentes-bifocales\/\",\"url\":\"https:\/\/www.seeseeoptical.com\/es\/product\/lentes-bifocales\/\",\"name\":\"Precio De Lentes Bifocales, Lentes Bifocales Precio - Seesee Optical\",\"isPartOf\":{\"@id\":\"https:\/\/www.seeseeoptical.com\/es\/#website\"},\"primaryImageOfPage\":{\"@id\":\"https:\/\/www.seeseeoptical.com\/es\/product\/lentes-bifocales\/#primaryimage\"},\"image\":{\"@id\":\"https:\/\/www.seeseeoptical.com\/es\/product\/lentes-bifocales\/#primaryimage\"},\"thumbnailUrl\":\"https:\/\/www.seeseeoptical.com\/wp-content\/uploads\/2024\/09\/BIFOCAL.webp\",\"datePublished\":\"2024-09-06T00:45:12+00:00\",\"dateModified\":\"2025-07-16T09:51:23+00:00\",\"description\":\"Nuestras lentes bifocales en material CR39 e \u00edndice 1.56 cuentan con dise\u00f1os de parte superior redonda, parte superior plana e invisibles con opciones transparentes, de corte azul o fotocrom\u00e1ticas para una correcci\u00f3n vers\u00e1til.\",\"breadcrumb\":{\"@id\":\"https:\/\/www.seeseeoptical.com\/es\/product\/lentes-bifocales\/#breadcrumb\"},\"inLanguage\":\"es\",\"potentialAction\":[{\"@type\":\"ReadAction\",\"target\":[\"https:\/\/www.seeseeoptical.com\/es\/product\/lentes-bifocales\/\"]}]},{\"@type\":\"ImageObject\",\"inLanguage\":\"es\",\"@id\":\"https:\/\/www.seeseeoptical.com\/es\/product\/lentes-bifocales\/#primaryimage\",\"url\":\"https:\/\/www.seeseeoptical.com\/wp-content\/uploads\/2024\/09\/BIFOCAL.webp\",\"contentUrl\":\"https:\/\/www.seeseeoptical.com\/wp-content\/uploads\/2024\/09\/BIFOCAL.webp\",\"width\":1200,\"height\":1200,\"caption\":\"BIFOCAL\"},{\"@type\":\"BreadcrumbList\",\"@id\":\"https:\/\/www.seeseeoptical.com\/es\/product\/lentes-bifocales\/#breadcrumb\",\"itemListElement\":[{\"@type\":\"ListItem\",\"position\":1,\"name\":\"Home\",\"item\":\"https:\/\/www.seeseeoptical.com\/es\/hogar\/\"},{\"@type\":\"ListItem\",\"position\":2,\"name\":\"Lentes \u00f3pticas\",\"item\":\"https:\/\/www.seeseeoptical.com\/es\/tienda\/\"},{\"@type\":\"ListItem\",\"position\":3,\"name\":\"Lentes bifocales\"}]},{\"@type\":\"WebSite\",\"@id\":\"https:\/\/www.seeseeoptical.com\/es\/#website\",\"url\":\"https:\/\/www.seeseeoptical.com\/es\/\",\"name\":\"Seesee Optical\",\"description\":\"\",\"potentialAction\":[{\"@type\":\"SearchAction\",\"target\":{\"@type\":\"EntryPoint\",\"urlTemplate\":\"https:\/\/www.seeseeoptical.com\/es\/?s={search_term_string}\"},\"query-input\":{\"@type\":\"PropertyValueSpecification\",\"valueRequired\":true,\"valueName\":\"search_term_string\"}}],\"inLanguage\":\"es\"}]}<\/script>\n<!-- \/ Yoast SEO plugin. -->","yoast_head_json":{"title":"Precio De Lentes Bifocales, Lentes Bifocales Precio - Seesee Optical","description":"Nuestras lentes bifocales en material CR39 e \u00edndice 1.56 cuentan con dise\u00f1os de parte superior redonda, parte superior plana e invisibles con opciones transparentes, de corte azul o fotocrom\u00e1ticas para una correcci\u00f3n vers\u00e1til.","robots":{"index":"index","follow":"follow","max-snippet":"max-snippet:-1","max-image-preview":"max-image-preview:large","max-video-preview":"max-video-preview:-1"},"canonical":"https:\/\/www.seeseeoptical.com\/es\/product\/lentes-bifocales\/","twitter_misc":{"Tiempo de lectura":"1 minuto"},"schema":{"@context":"https:\/\/schema.org","@graph":[{"@type":"WebPage","@id":"https:\/\/www.seeseeoptical.com\/es\/product\/lentes-bifocales\/","url":"https:\/\/www.seeseeoptical.com\/es\/product\/lentes-bifocales\/","name":"Precio De Lentes Bifocales, Lentes Bifocales Precio - Seesee Optical","isPartOf":{"@id":"https:\/\/www.seeseeoptical.com\/es\/#website"},"primaryImageOfPage":{"@id":"https:\/\/www.seeseeoptical.com\/es\/product\/lentes-bifocales\/#primaryimage"},"image":{"@id":"https:\/\/www.seeseeoptical.com\/es\/product\/lentes-bifocales\/#primaryimage"},"thumbnailUrl":"https:\/\/www.seeseeoptical.com\/wp-content\/uploads\/2024\/09\/BIFOCAL.webp","datePublished":"2024-09-06T00:45:12+00:00","dateModified":"2025-07-16T09:51:23+00:00","description":"Nuestras lentes bifocales en material CR39 e \u00edndice 1.56 cuentan con dise\u00f1os de parte superior redonda, parte superior plana e invisibles con opciones transparentes, de corte azul o fotocrom\u00e1ticas para una correcci\u00f3n vers\u00e1til.","breadcrumb":{"@id":"https:\/\/www.seeseeoptical.com\/es\/product\/lentes-bifocales\/#breadcrumb"},"inLanguage":"es","potentialAction":[{"@type":"ReadAction","target":["https:\/\/www.seeseeoptical.com\/es\/product\/lentes-bifocales\/"]}]},{"@type":"ImageObject","inLanguage":"es","@id":"https:\/\/www.seeseeoptical.com\/es\/product\/lentes-bifocales\/#primaryimage","url":"https:\/\/www.seeseeoptical.com\/wp-content\/uploads\/2024\/09\/BIFOCAL.webp","contentUrl":"https:\/\/www.seeseeoptical.com\/wp-content\/uploads\/2024\/09\/BIFOCAL.webp","width":1200,"height":1200,"caption":"BIFOCAL"},{"@type":"BreadcrumbList","@id":"https:\/\/www.seeseeoptical.com\/es\/product\/lentes-bifocales\/#breadcrumb","itemListElement":[{"@type":"ListItem","position":1,"name":"Home","item":"https:\/\/www.seeseeoptical.com\/es\/hogar\/"},{"@type":"ListItem","position":2,"name":"Lentes \u00f3pticas","item":"https:\/\/www.seeseeoptical.com\/es\/tienda\/"},{"@type":"ListItem","position":3,"name":"Lentes bifocales"}]},{"@type":"WebSite","@id":"https:\/\/www.seeseeoptical.com\/es\/#website","url":"https:\/\/www.seeseeoptical.com\/es\/","name":"Seesee Optical","description":"","potentialAction":[{"@type":"SearchAction","target":{"@type":"EntryPoint","urlTemplate":"https:\/\/www.seeseeoptical.com\/es\/?s={search_term_string}"},"query-input":{"@type":"PropertyValueSpecification","valueRequired":true,"valueName":"search_term_string"}}],"inLanguage":"es"}]}},"_links":{"self":[{"href":"https:\/\/www.seeseeoptical.com\/es\/wp-json\/wp\/v2\/product\/10166","targetHints":{"allow":["GET"]}}],"collection":[{"href":"https:\/\/www.seeseeoptical.com\/es\/wp-json\/wp\/v2\/product"}],"about":[{"href":"https:\/\/www.seeseeoptical.com\/es\/wp-json\/wp\/v2\/types\/product"}],"version-history":[{"count":1,"href":"https:\/\/www.seeseeoptical.com\/es\/wp-json\/wp\/v2\/product\/10166\/revisions"}],"predecessor-version":[{"id":10167,"href":"https:\/\/www.seeseeoptical.com\/es\/wp-json\/wp\/v2\/product\/10166\/revisions\/10167"}],"wp:featuredmedia":[{"embeddable":true,"href":"https:\/\/www.seeseeoptical.com\/es\/wp-json\/wp\/v2\/media\/11555"}],"wp:attachment":[{"href":"https:\/\/www.seeseeoptical.com\/es\/wp-json\/wp\/v2\/media?parent=10166"}],"wp:term":[{"taxonomy":"product_brand","embeddable":true,"href":"https:\/\/www.seeseeoptical.com\/es\/wp-json\/wp\/v2\/product_brand?post=10166"},{"taxonomy":"product_cat","embeddable":true,"href":"https:\/\/www.seeseeoptical.com\/es\/wp-json\/wp\/v2\/product_cat?post=10166"},{"taxonomy":"product_tag","embeddable":true,"href":"https:\/\/www.seeseeoptical.com\/es\/wp-json\/wp\/v2\/product_tag?post=10166"}],"curies":[{"name":"wp","href":"https:\/\/api.w.org\/{rel}","templated":true}]}}